{"id":3,"date":"2022-06-01T10:15:12","date_gmt":"2022-06-01T08:15:12","guid":{"rendered":"http:\/\/lolympedessens.com\/?page_id=3"},"modified":"2022-09-09T06:21:10","modified_gmt":"2022-09-09T04:21:10","slug":"conditions_generales_de_vente","status":"publish","type":"page","link":"https:\/\/lolympedessens.com\/en\/conditions_generales_de_vente\/","title":{"rendered":"General Conditions of sale"},"content":{"rendered":"<div data-elementor-type=\"wp-page\" data-elementor-id=\"3\" class=\"elementor elementor-3\" data-elementor-post-type=\"page\">\n\t\t\t\t\t\t<section class=\"elementor-section elementor-top-section elementor-element elementor-element-324bb5e6 elementor-section-boxed elementor-section-height-default elementor-section-height-default wpr-particle-no wpr-jarallax-no wpr-parallax-no wpr-sticky-section-no wpr-equal-height-no\" data-id=\"324bb5e6\" data-element_type=\"section\" data-e-type=\"section\">\n\t\t\t\t\t\t<div class=\"elementor-container elementor-column-gap-default\">\n\t\t\t\t\t<div class=\"elementor-column elementor-col-100 elementor-top-column elementor-element elementor-element-72122ffc\" data-id=\"72122ffc\" data-element_type=\"column\" data-e-type=\"column\">\n\t\t\t<div class=\"elementor-widget-wrap elementor-element-populated\">\n\t\t\t\t\t\t<div class=\"elementor-element elementor-element-afd3d17 elementor-widget elementor-widget-heading\" data-id=\"afd3d17\" data-element_type=\"widget\" data-e-type=\"widget\" data-widget_type=\"heading.default\">\n\t\t\t\t<div class=\"elementor-widget-container\">\n\t\t\t\t\t<h2 class=\"elementor-heading-title elementor-size-default\">CONDITIONS G\u00c9N\u00c9RALES DE VENTE<\/h2>\t\t\t\t<\/div>\n\t\t\t\t<\/div>\n\t\t\t\t<div class=\"elementor-element elementor-element-57e5ea8 elementor-widget elementor-widget-text-editor\" data-id=\"57e5ea8\" data-element_type=\"widget\" data-e-type=\"widget\" data-widget_type=\"text-editor.default\">\n\t\t\t\t<div class=\"elementor-widget-container\">\n\t\t\t\t\t\t\t\t\t\n<p>En acceptant les conditions g\u00e9n\u00e9rales de vente, vous vous engagez \u00e0 respecter le r\u00e8glement int\u00e9rieur, que vous pouvez consulter sur la page \u00ab\u00a0r\u00e8glement du lieu\u00a0\u00bb.\u00a0<br \/>\u00a0<br \/><strong>Tarifs<\/strong><br \/>Indiqu\u00e9s sur le tableau ci-dessus, ils s\u2019entendent toutes taxes comprises, incluant la taxes de s\u00e9jour, et comprennent uniquement la mise \u00e0 disposition du logement. Ils n\u2019incluent pas les services optionnels. Le tarif de location inclut :<br \/>\u2022 La fourniture du linge de maison (draps et linge de toilette\u2026)<br \/>\u2022 Prestation m\u00e9nage journali\u00e8re<br \/>\u2022 Un acc\u00e8s internet<br \/>\u2022 Un acc\u00e8s TV<\/p>\n<p><strong>R\u00e9servations<\/strong><br \/>Demande de r\u00e9servation :<br \/>Le client doit notifier les dates de s\u00e9jour souhait\u00e9es en les choisissant dans le calendrier de r\u00e9servation.<br \/>Option de r\u00e9servation :<br \/>Le paiement de la totalit\u00e9 de la r\u00e9servation s\u2019effectue directement sur le site de r\u00e9servation www.lolympedessens.com. L\u2019appartement vous sera r\u00e9serv\u00e9 \u00e0 r\u00e9ception du paiement.<br \/>Confirmation de r\u00e9servation :<br \/>Apr\u00e8s r\u00e9ception du paiement, www.lolympedessens.com confirmeront au client sa r\u00e9servation par un email de confirmation.<br \/>Seront joints \u00e0 la confirmation de r\u00e9servation :<br \/>Les coordonn\u00e9es du logement lou\u00e9. Les dates de s\u00e9jour et les modalit\u00e9s d\u2019accueil le jour de la dite r\u00e9servation.<br \/><br \/><strong>Modifications des dates du s\u00e9jour<\/strong><br \/>La dur\u00e9e du s\u00e9jour est celle pr\u00e9vue lors de la r\u00e9servation sur le site www.lolympedessens.com<br \/>Sauf accord des deux parties, L&rsquo;Olympe des Sens conserveront l\u2019int\u00e9gralit\u00e9 du prix de la location d\u00fb, jusqu\u2019au terme du s\u00e9jour. En cas de force majeure ou circonstances impr\u00e9vues telles que r\u00e9novations obligatoires, inondations ou autres&#8230; l&rsquo;Olympe des Sens se r\u00e9servent le droit d\u2019annuler la r\u00e9servation et les frais seront rembours\u00e9s.<br \/><br \/><strong>Annulation<\/strong><br \/>Toute annulation de s\u00e9jour devra \u00eatre effectu\u00e9e par le client par mail reservations@lolympedessens.com en utilisant de pr\u00e9f\u00e9rence la r\u00e9ponse aux envois pr\u00e9c\u00e9demment effectu\u00e9s entre le client et Les L&rsquo;Olympe des Sens<br \/>1. En cas d\u2019annulation au del\u00e0 de 7 jours de la date d\u2019arriv\u00e9e du client, L&rsquo;Olympe des Sens conserveront 50% de du paiement vers\u00e9 par le client et rembourseront la totalit\u00e9 de la somme des options command\u00e9es<br \/>2. En cas d\u2019annulation inf\u00e9rieur \u00e0 7 jours , L&rsquo;Olympe des Sens conserveront l\u2019int\u00e9gralit\u00e9 de la somme vers\u00e9 par le client.<br \/>R\u00e9siliation en cours de s\u00e9jour :<br \/>La dur\u00e9e du s\u00e9jour est celle pr\u00e9vue dans le contrat de location. Sauf accord des deux parties, L&rsquo;Olympe des Sens conserveront l\u2019int\u00e9gralit\u00e9 du prix de la location d\u00fb, jusqu\u2019au terme du s\u00e9jour. Dans le cas du non-respect des conditions d\u2019utilisation du bien lou\u00e9, le contrat de location peut \u00eatre r\u00e9sili\u00e9 de plein droit par L&rsquo;Olympe des Sens, sans indemnisation ni compensation.<br \/><br \/><strong>Arriv\u00e9e et d\u00e9part<\/strong><br \/>Les heures d\u2019arriv\u00e9e et de d\u00e9part sont stipul\u00e9es dans le mail de confirmation de r\u00e9servation.\u2028La clef se trouve dans une boite \u00e0 code devant la porte de l\u2019appartement.<\/p>\n\t\t\t\t\t\t\t\t<\/div>\n\t\t\t\t<\/div>\n\t\t\t\t\t<\/div>\n\t\t<\/div>\n\t\t\t\t\t<\/div>\n\t\t<\/section>\n\t\t\t\t<\/div>","protected":false},"excerpt":{"rendered":"<p>CONDITIONS G\u00c9N\u00c9RALES DE VENTE En acceptant les conditions g\u00e9n\u00e9rales de vente, vous vous engagez \u00e0 respecter le r\u00e8glement int\u00e9rieur, que vous pouvez consulter sur la page \u00ab\u00a0r\u00e8glement du lieu\u00a0\u00bb.\u00a0\u00a0TarifsIndiqu\u00e9s sur le tableau ci-dessus, ils s\u2019entendent toutes taxes comprises, incluant la taxes de s\u00e9jour, et comprennent uniquement la mise \u00e0 disposition du logement. Ils n\u2019incluent pas les services optionnels. Le tarif de location inclut :\u2022 La fourniture du linge de maison (draps et linge de toilette\u2026)\u2022 Prestation m\u00e9nage journali\u00e8re\u2022 Un acc\u00e8s internet\u2022 Un acc\u00e8s TV R\u00e9servationsDemande de r\u00e9servation :Le client doit notifier les dates de s\u00e9jour souhait\u00e9es en les choisissant dans le calendrier de r\u00e9servation.Option de r\u00e9servation :Le paiement de la totalit\u00e9 de la r\u00e9servation s\u2019effectue directement sur le site de r\u00e9servation www.lolympedessens.com. L\u2019appartement vous sera r\u00e9serv\u00e9 \u00e0 r\u00e9ception du paiement.Confirmation de r\u00e9servation :Apr\u00e8s r\u00e9ception du paiement, www.lolympedessens.com confirmeront au client sa r\u00e9servation par un email de confirmation.Seront joints \u00e0 la confirmation de r\u00e9servation :Les coordonn\u00e9es du logement lou\u00e9. Les dates de s\u00e9jour et les modalit\u00e9s d\u2019accueil le jour de la dite r\u00e9servation. Modifications des dates du s\u00e9jourLa dur\u00e9e du s\u00e9jour est celle pr\u00e9vue lors de la r\u00e9servation sur le site www.lolympedessens.comSauf accord des deux parties, L&rsquo;Olympe des Sens conserveront l\u2019int\u00e9gralit\u00e9 du prix de la location d\u00fb, jusqu\u2019au terme du s\u00e9jour. En cas de force majeure ou circonstances impr\u00e9vues telles que r\u00e9novations obligatoires, inondations ou autres&#8230; l&rsquo;Olympe des Sens se r\u00e9servent le droit d\u2019annuler la r\u00e9servation et les frais seront rembours\u00e9s. AnnulationToute annulation de s\u00e9jour devra \u00eatre effectu\u00e9e par le client par mail reservations@lolympedessens.com en utilisant de pr\u00e9f\u00e9rence la r\u00e9ponse aux envois pr\u00e9c\u00e9demment effectu\u00e9s entre le client et Les L&rsquo;Olympe des Sens1. En cas d\u2019annulation au del\u00e0 de 7 jours de la date d\u2019arriv\u00e9e du client, L&rsquo;Olympe des Sens conserveront 50% de du paiement vers\u00e9 par le client et rembourseront la totalit\u00e9 de la somme des options command\u00e9es2. En cas d\u2019annulation inf\u00e9rieur \u00e0 7 jours , L&rsquo;Olympe des Sens conserveront l\u2019int\u00e9gralit\u00e9 de la somme vers\u00e9 par le client.R\u00e9siliation en cours de s\u00e9jour :La dur\u00e9e du s\u00e9jour est celle pr\u00e9vue dans le contrat de location. Sauf accord des deux parties, L&rsquo;Olympe des Sens conserveront l\u2019int\u00e9gralit\u00e9 du prix de la location d\u00fb, jusqu\u2019au terme du s\u00e9jour. Dans le cas du non-respect des conditions d\u2019utilisation du bien lou\u00e9, le contrat de location peut \u00eatre r\u00e9sili\u00e9 de plein droit par L&rsquo;Olympe des Sens, sans indemnisation ni compensation. Arriv\u00e9e et d\u00e9partLes heures d\u2019arriv\u00e9e et de d\u00e9part sont stipul\u00e9es dans le mail de confirmation de r\u00e9servation.\u2028La clef se trouve dans une boite \u00e0 code devant la porte de l\u2019appartement.<\/p>","protected":false},"author":1,"featured_media":0,"parent":0,"menu_order":0,"comment_status":"closed","ping_status":"closed","template":"","meta":{"neve_meta_sidebar":"","neve_meta_container":"","neve_meta_enable_content_width":"","neve_meta_content_width":0,"neve_meta_title_alignment":"","neve_meta_author_avatar":"","neve_post_elements_order":"","neve_meta_disable_header":"off","neve_meta_disable_footer":"","neve_meta_disable_title":"on","neve_meta_reading_time":"","footnotes":""},"class_list":["post-3","page","type-page","status-publish","hentry"],"aioseo_notices":[],"_links":{"self":[{"href":"https:\/\/lolympedessens.com\/en\/wp-json\/wp\/v2\/pages\/3","targetHints":{"allow":["GET"]}}],"collection":[{"href":"https:\/\/lolympedessens.com\/en\/wp-json\/wp\/v2\/pages"}],"about":[{"href":"https:\/\/lolympedessens.com\/en\/wp-json\/wp\/v2\/types\/page"}],"author":[{"embeddable":true,"href":"https:\/\/lolympedessens.com\/en\/wp-json\/wp\/v2\/users\/1"}],"replies":[{"embeddable":true,"href":"https:\/\/lolympedessens.com\/en\/wp-json\/wp\/v2\/comments?post=3"}],"version-history":[{"count":12,"href":"https:\/\/lolympedessens.com\/en\/wp-json\/wp\/v2\/pages\/3\/revisions"}],"predecessor-version":[{"id":830,"href":"https:\/\/lolympedessens.com\/en\/wp-json\/wp\/v2\/pages\/3\/revisions\/830"}],"wp:attachment":[{"href":"https:\/\/lolympedessens.com\/en\/wp-json\/wp\/v2\/media?parent=3"}],"curies":[{"name":"wp","href":"https:\/\/api.w.org\/{rel}","templated":true}]}}