{"id":831,"date":"2022-09-09T06:21:45","date_gmt":"2022-09-09T04:21:45","guid":{"rendered":"https:\/\/lolympedessens.com\/?page_id=831"},"modified":"2022-09-09T06:22:37","modified_gmt":"2022-09-09T04:22:37","slug":"reglement","status":"publish","type":"page","link":"https:\/\/lolympedessens.com\/en\/reglement\/","title":{"rendered":"R\u00e9glement"},"content":{"rendered":"<div data-elementor-type=\"wp-page\" data-elementor-id=\"831\" class=\"elementor elementor-831\" data-elementor-post-type=\"page\">\n\t\t\t\t\t\t<section class=\"elementor-section elementor-top-section elementor-element elementor-element-324bb5e6 elementor-section-boxed elementor-section-height-default elementor-section-height-default wpr-particle-no wpr-jarallax-no wpr-parallax-no wpr-sticky-section-no wpr-equal-height-no\" data-id=\"324bb5e6\" data-element_type=\"section\" data-e-type=\"section\">\n\t\t\t\t\t\t<div class=\"elementor-container elementor-column-gap-default\">\n\t\t\t\t\t<div class=\"elementor-column elementor-col-100 elementor-top-column elementor-element elementor-element-72122ffc\" data-id=\"72122ffc\" data-element_type=\"column\" data-e-type=\"column\">\n\t\t\t<div class=\"elementor-widget-wrap elementor-element-populated\">\n\t\t\t\t\t\t<div class=\"elementor-element elementor-element-afd3d17 elementor-widget elementor-widget-heading\" data-id=\"afd3d17\" data-element_type=\"widget\" data-e-type=\"widget\" data-widget_type=\"heading.default\">\n\t\t\t\t<div class=\"elementor-widget-container\">\n\t\t\t\t\t<h2 class=\"elementor-heading-title elementor-size-default\">R\u00c8GLEMENT <\/h2>\t\t\t\t<\/div>\n\t\t\t\t<\/div>\n\t\t\t\t<div class=\"elementor-element elementor-element-57e5ea8 elementor-widget elementor-widget-text-editor\" data-id=\"57e5ea8\" data-element_type=\"widget\" data-e-type=\"widget\" data-widget_type=\"text-editor.default\">\n\t\t\t\t<div class=\"elementor-widget-container\">\n\t\t\t\t\t\t\t\t\t\n<p><strong>NETTOYAGE :<\/strong><br \/>Un m\u00e9nage journalier sera effectu\u00e9. Cette prestation est incluse dans le prix de la location. Le client s\u2019engage \u00e0 respecter le lieu lou\u00e9 et \u00e0 le laisser dans un \u00e9tat correct et propre.<\/p>\n<p><strong>FIN DE S\u00c9JOUR :<\/strong><br \/>Le client s\u2019engage avant son d\u00e9part : A laisser un appartement propre et salubre (hygi\u00e9nique).<\/p>\n<p><strong>R\u00c8GLES D\u2019OCCUPATION DE L\u2019APPARTEMENT :<\/strong><br \/>Chaque bien immobilier propos\u00e9 \u00e0 la location a une capacit\u00e9 maximale d\u2019accueil indiqu\u00e9 lors de la r\u00e9servation qui ne doit sous aucun pr\u00e9texte \u00eatre d\u00e9pass\u00e9e. La r\u00e9servation n\u2019est pas cessible. Le logement est occup\u00e9 \u00e0 des fins d\u2019habitation. Avec les personnes nomm\u00e9es dans la r\u00e9servation de location. Il ne peut \u00eatre utilis\u00e9 en lieu d\u2019activit\u00e9 professionnelle, de salle des f\u00eates ou pour l\u2019exercice d\u2019une activit\u00e9 contraire \u00e0 la loi Fran\u00e7aise et aux bonnes m\u0153urs. Il est interdit de d\u00e9ranger le voisinage. D\u00e9roger \u00e0 ce contrat entra\u00eenerait un d\u00e9part imm\u00e9diat du (ou des) clients, sans pr\u00e9avis par L&rsquo;Olympe des Sens et sans remboursement possible. La pr\u00e9sence d\u2019animaux est interdite dans la location. Pour votre s\u00e9curit\u00e9, il est interdit de fumer, d\u2019utiliser des produits ou accessoires inflammables dans l\u2019appartement.. L\u2019utilisation d\u2019internet par le client est soumise \u00e0 la l\u00e9gislation fran\u00e7aise en vigueur et restera de la responsabilit\u00e9 du locataire s\u2019il d\u00e9roge \u00e0 cette l\u00e9gislation. Le non-respect des r\u00e8gles de l\u2019occupation de l\u2019appartement entra\u00eenera le paiement par le client d\u2019une franchise de 400 Euros.<\/p>\n<p><strong>PROTECTION DES DONN\u00c9ES :<\/strong><br \/>Conform\u00e9ment \u00e0 la loi du 07 ao\u00fbt 2004 relative \u00e0 l\u2019informatique, aux fichiers et aux libert\u00e9s, sur la Protection des Donn\u00e9es de Caract\u00e8re Personnel, L&rsquo;Olympe des Sens informe les locataires que les donn\u00e9es de caract\u00e8re personnel qui sont fournies serviront uniquement pour la prestation demand\u00e9e. Seuls les employ\u00e9s et fournisseurs qui doivent conna\u00eetre ces donn\u00e9es afin de fournir la meilleure prestation \u00e0 ses clients y auront acc\u00e8s. Dans tous les cas, les locataires peuvent exercer leur droit d\u2019acc\u00e8s, opposition, rectification et annulation pr\u00e9vus dans la Loi mentionn\u00e9e. A compter de la confirmation de la r\u00e9servation, le client devra contacter L&rsquo;Olympe des Sens pour toute information compl\u00e9mentaire par mail. Un h\u00f4te est \u00e0 votre disposition pour une prise de r\u00e9servation ou demande de disponibilit\u00e9 par t\u00e9l\u00e9phone.<\/p>\n\t\t\t\t\t\t\t\t<\/div>\n\t\t\t\t<\/div>\n\t\t\t\t\t<\/div>\n\t\t<\/div>\n\t\t\t\t\t<\/div>\n\t\t<\/section>\n\t\t\t\t<\/div>","protected":false},"excerpt":{"rendered":"<p>R\u00c8GLEMENT NETTOYAGE :Un m\u00e9nage journalier sera effectu\u00e9. Cette prestation est incluse dans le prix de la location. Le client s\u2019engage \u00e0 respecter le lieu lou\u00e9 et \u00e0 le laisser dans un \u00e9tat correct et propre. FIN DE S\u00c9JOUR :Le client s\u2019engage avant son d\u00e9part : A laisser un appartement propre et salubre (hygi\u00e9nique). R\u00c8GLES D\u2019OCCUPATION DE L\u2019APPARTEMENT :Chaque bien immobilier propos\u00e9 \u00e0 la location a une capacit\u00e9 maximale d\u2019accueil indiqu\u00e9 lors de la r\u00e9servation qui ne doit sous aucun pr\u00e9texte \u00eatre d\u00e9pass\u00e9e. La r\u00e9servation n\u2019est pas cessible. Le logement est occup\u00e9 \u00e0 des fins d\u2019habitation. Avec les personnes nomm\u00e9es dans la r\u00e9servation de location. Il ne peut \u00eatre utilis\u00e9 en lieu d\u2019activit\u00e9 professionnelle, de salle des f\u00eates ou pour l\u2019exercice d\u2019une activit\u00e9 contraire \u00e0 la loi Fran\u00e7aise et aux bonnes m\u0153urs. Il est interdit de d\u00e9ranger le voisinage. D\u00e9roger \u00e0 ce contrat entra\u00eenerait un d\u00e9part imm\u00e9diat du (ou des) clients, sans pr\u00e9avis par L&rsquo;Olympe des Sens et sans remboursement possible. La pr\u00e9sence d\u2019animaux est interdite dans la location. Pour votre s\u00e9curit\u00e9, il est interdit de fumer, d\u2019utiliser des produits ou accessoires inflammables dans l\u2019appartement.. L\u2019utilisation d\u2019internet par le client est soumise \u00e0 la l\u00e9gislation fran\u00e7aise en vigueur et restera de la responsabilit\u00e9 du locataire s\u2019il d\u00e9roge \u00e0 cette l\u00e9gislation. Le non-respect des r\u00e8gles de l\u2019occupation de l\u2019appartement entra\u00eenera le paiement par le client d\u2019une franchise de 400 Euros. PROTECTION DES DONN\u00c9ES :Conform\u00e9ment \u00e0 la loi du 07 ao\u00fbt 2004 relative \u00e0 l\u2019informatique, aux fichiers et aux libert\u00e9s, sur la Protection des Donn\u00e9es de Caract\u00e8re Personnel, L&rsquo;Olympe des Sens informe les locataires que les donn\u00e9es de caract\u00e8re personnel qui sont fournies serviront uniquement pour la prestation demand\u00e9e. Seuls les employ\u00e9s et fournisseurs qui doivent conna\u00eetre ces donn\u00e9es afin de fournir la meilleure prestation \u00e0 ses clients y auront acc\u00e8s. Dans tous les cas, les locataires peuvent exercer leur droit d\u2019acc\u00e8s, opposition, rectification et annulation pr\u00e9vus dans la Loi mentionn\u00e9e. A compter de la confirmation de la r\u00e9servation, le client devra contacter L&rsquo;Olympe des Sens pour toute information compl\u00e9mentaire par mail. Un h\u00f4te est \u00e0 votre disposition pour une prise de r\u00e9servation ou demande de disponibilit\u00e9 par t\u00e9l\u00e9phone.<\/p>","protected":false},"author":1,"featured_media":0,"parent":0,"menu_order":0,"comment_status":"closed","ping_status":"closed","template":"","meta":{"neve_meta_sidebar":"","neve_meta_container":"","neve_meta_enable_content_width":"","neve_meta_content_width":0,"neve_meta_title_alignment":"","neve_meta_author_avatar":"","neve_post_elements_order":"","neve_meta_disable_header":"off","neve_meta_disable_footer":"","neve_meta_disable_title":"on","neve_meta_reading_time":"","footnotes":""},"class_list":["post-831","page","type-page","status-publish","hentry"],"aioseo_notices":[],"_links":{"self":[{"href":"https:\/\/lolympedessens.com\/en\/wp-json\/wp\/v2\/pages\/831","targetHints":{"allow":["GET"]}}],"collection":[{"href":"https:\/\/lolympedessens.com\/en\/wp-json\/wp\/v2\/pages"}],"about":[{"href":"https:\/\/lolympedessens.com\/en\/wp-json\/wp\/v2\/types\/page"}],"author":[{"embeddable":true,"href":"https:\/\/lolympedessens.com\/en\/wp-json\/wp\/v2\/users\/1"}],"replies":[{"embeddable":true,"href":"https:\/\/lolympedessens.com\/en\/wp-json\/wp\/v2\/comments?post=831"}],"version-history":[{"count":4,"href":"https:\/\/lolympedessens.com\/en\/wp-json\/wp\/v2\/pages\/831\/revisions"}],"predecessor-version":[{"id":835,"href":"https:\/\/lolympedessens.com\/en\/wp-json\/wp\/v2\/pages\/831\/revisions\/835"}],"wp:attachment":[{"href":"https:\/\/lolympedessens.com\/en\/wp-json\/wp\/v2\/media?parent=831"}],"curies":[{"name":"wp","href":"https:\/\/api.w.org\/{rel}","templated":true}]}}